{"id":3847,"date":"2021-06-15T11:10:05","date_gmt":"2021-06-15T09:10:05","guid":{"rendered":"http:\/\/www.andreaiannelli.com\/?page_id=3847"},"modified":"2022-03-30T11:49:31","modified_gmt":"2022-03-30T09:49:31","slug":"privacy-policy","status":"publish","type":"page","link":"https:\/\/www.andreaiannelli.com\/en\/privacy-policy\/","title":{"rendered":"Privacy Policy"},"content":{"rendered":"<div data-elementor-type=\"wp-page\" data-elementor-id=\"3847\" class=\"elementor elementor-3847\">\n\t\t\t\t\t\t<section class=\"elementor-section elementor-top-section elementor-element elementor-element-b5d8341 elementor-section-boxed elementor-section-height-default elementor-section-height-default\" data-id=\"b5d8341\" data-element_type=\"section\" data-e-type=\"section\">\n\t\t\t\t\t\t<div class=\"elementor-container elementor-column-gap-default\">\n\t\t\t\t\t<div class=\"elementor-column elementor-col-100 elementor-top-column elementor-element elementor-element-2facd358 ot-flex-column-vertical\" data-id=\"2facd358\" data-element_type=\"column\" data-e-type=\"column\">\n\t\t\t<div class=\"elementor-widget-wrap elementor-element-populated\">\n\t\t\t\t\t\t<div class=\"elementor-element elementor-element-67b3c1db elementor-widget elementor-widget-text-editor\" data-id=\"67b3c1db\" data-element_type=\"widget\" data-e-type=\"widget\" data-widget_type=\"text-editor.default\">\n\t\t\t\t<div class=\"elementor-widget-container\">\n\t\t\t\t\t\t\t\t\t\n<p><strong>Titolare del Trattamento dei Dati<\/strong><strong><\/strong><\/p>\n\n\n\n<p>Andrea Iannelli<br> Cagliari<\/p>\n\n\n\n<p><strong>Indirizzo email del Titolare:<\/strong>&nbsp;andrea@iannelli.eu<\/p>\n\n\n\n<p><strong>Tipologie di Dati raccolti<\/strong><strong><\/strong><\/p>\n\n\n\n<p>Fra i Dati Personali raccolti da questa\nApplicazione, in modo autonomo o tramite terze parti, ci sono: Dati di\nutilizzo; Cookie; email.<\/p>\n\n\n\n<p>Dettagli completi su\nciascuna tipologia di dati raccolti sono forniti nelle sezioni dedicate di\nquesta privacy policy o mediante specifici testi informativi visualizzati prima\ndella raccolta dei dati stessi.<br>\nI Dati Personali possono essere liberamente forniti dall\u2019Utente o, nel caso di\nDati di Utilizzo, raccolti automaticamente durante l\u2019uso di questa\nApplicazione.<br>\nSe non diversamente specificato, tutti i Dati richiesti da questa Applicazione\nsono obbligatori. Se l\u2019Utente rifiuta di comunicarli, potrebbe essere\nimpossibile per questa Applicazione fornire il Servizio. Nei casi in cui questa\nApplicazione indichi alcuni Dati come facoltativi, gli Utenti sono liberi di\nastenersi dal comunicare tali Dati, senza che ci\u00f2 abbia alcuna conseguenza\nsulla disponibilit\u00e0 del Servizio o sulla sua operativit\u00e0.<br>\nGli Utenti che dovessero avere dubbi su quali Dati siano obbligatori, sono\nincoraggiati a contattare il Titolare.<br>\nL\u2019eventuale utilizzo di Cookie \u2013 o di altri strumenti di tracciamento \u2013 da\nparte di questa Applicazione o dei titolari dei servizi terzi utilizzati da\nquesta Applicazione, ove non diversamente precisato, ha la finalit\u00e0 di fornire\nil Servizio richiesto dall\u2019Utente, oltre alle ulteriori finalit\u00e0 descritte nel\npresente documento e nella Cookie Policy, se disponibile.<\/p>\n\n\n\n<p>L\u2019Utente si assume la responsabilit\u00e0 dei\nDati Personali di terzi ottenuti, pubblicati o condivisi mediante questa\nApplicazione e garantisce di avere il diritto di comunicarli o diffonderli,\nliberando il Titolare da qualsiasi responsabilit\u00e0 verso terzi.<\/p>\n\n\n\n<p><strong>Modalit\u00e0 e luogo del trattamento dei Dati raccolti<\/strong><strong><\/strong><\/p>\n\n\n\n<p><strong>Modalit\u00e0 di trattamento<\/strong><strong><\/strong><\/p>\n\n\n\n<p>Il Titolare adotta le\nopportune misure di sicurezza volte ad impedire l\u2019accesso, la divulgazione, la\nmodifica o la distruzione non autorizzate dei Dati Personali.<br>\nIl trattamento viene effettuato mediante strumenti informatici e\/o telematici,\ncon modalit\u00e0 organizzative e con logiche strettamente correlate alle finalit\u00e0\nindicate. Oltre al Titolare, in alcuni casi, potrebbero avere accesso ai Dati\naltri soggetti coinvolti nell\u2019organizzazione di questa Applicazione (personale\namministrativo, commerciale, marketing, legali, amministratori di sistema)\novvero soggetti esterni (come fornitori di servizi tecnici terzi, corrieri\npostali, hosting provider, societ\u00e0 informatiche, agenzie di comunicazione)\nnominati anche, se necessario, Responsabili del Trattamento da parte del\nTitolare. L\u2019elenco aggiornato dei Responsabili potr\u00e0 sempre essere richiesto al\nTitolare del Trattamento.<\/p>\n\n\n\n<p><strong>Base giuridica del trattamento<\/strong><strong><\/strong><\/p>\n\n\n\n<p>Il Titolare tratta Dati Personali\nrelativi all\u2019Utente in caso sussista una delle seguenti condizioni:<\/p>\n\n\n\n<ul class=\"wp-block-list\"><li>&nbsp;&nbsp;l\u2019Utente ha prestato il consenso per una o pi\u00f9 finalit\u00e0 specifiche; Nota: in alcuni ordinamenti il Titolare pu\u00f2 essere autorizzato a trattare Dati Personali senza che debba sussistere il consenso dell\u2019Utente o un\u2019altra delle basi giuridiche specificate di seguito, fino a quando l\u2019Utente non si opponga (\u201copt-out\u201d) a tale trattamento. Ci\u00f2 non \u00e8 tuttavia applicabile qualora il trattamento di Dati Personali sia regolato dalla legislazione europea in materia di protezione dei Dati Personali;<ul><li>il trattamento \u00e8 necessario all\u2019esecuzione di un contratto con l\u2019Utente e\/o all\u2019esecuzione di misure precontrattuali;<\/li><\/ul><ul><li>il trattamento \u00e8 necessario per adempiere un obbligo legale al quale \u00e8 soggetto il Titolare;<\/li><\/ul><ul><li>il trattamento \u00e8 necessario per l\u2019esecuzione di un compito di interesse pubblico o per l\u2019esercizio di pubblici poteri di cui \u00e8 investito il Titolare;<\/li><\/ul><ul><li>il trattamento \u00e8 necessario per il perseguimento del legittimo interesse del Titolare o di terzi.<\/li><\/ul><\/li><\/ul>\n\n\n\n<p>\u00c8 comunque sempre possibile richiedere\nal Titolare di chiarire la concreta base giuridica di ciascun trattamento ed in\nparticolare di specificare se il trattamento sia basato sulla legge, previsto\nda un contratto o necessario per concludere un contratto.<\/p>\n\n\n\n<p><strong>Luogo<\/strong><strong><\/strong><\/p>\n\n\n\n<p>I Dati sono trattati\npresso le sedi operative del Titolare ed in ogni altro luogo in cui le parti\ncoinvolte nel trattamento siano localizzate. Per ulteriori informazioni,\ncontatta il Titolare.<br>\nI Dati Personali dell\u2019Utente potrebbero essere trasferiti in un paese diverso\nda quello in cui l\u2019Utente si trova. Per ottenere ulteriori informazioni sul\nluogo del trattamento l\u2019Utente pu\u00f2 fare riferimento alla sezione relativa ai\ndettagli sul trattamento dei Dati Personali.<\/p>\n\n\n\n<p>L\u2019Utente ha diritto a ottenere\ninformazioni in merito alla base giuridica del trasferimento di Dati al di\nfuori dell\u2019Unione Europea o ad un\u2019organizzazione internazionale di diritto\ninternazionale pubblico o costituita da due o pi\u00f9 paesi, come ad esempio l\u2019ONU,\nnonch\u00e9 in merito alle misure di sicurezza adottate dal Titolare per proteggere\ni Dati.<\/p>\n\n\n\n<p>L\u2019Utente pu\u00f2 verificare se abbia luogo\nuno dei trasferimenti appena descritti esaminando la sezione di questo documento\nrelativa ai dettagli sul trattamento di Dati Personali o chiedere informazioni\nal Titolare contattandolo agli estremi riportati in apertura.<\/p>\n\n\n\n<p><strong>Periodo di conservazione<\/strong><strong><\/strong><\/p>\n\n\n\n<p>I Dati sono trattati e conservati per il\ntempo richiesto dalle finalit\u00e0 per le quali sono stati raccolti.<\/p>\n\n\n\n<p>Pertanto:<\/p>\n\n\n\n<ul class=\"wp-block-list\"><li>&nbsp;I Dati Personali raccolti per scopi collegati all\u2019esecuzione di un contratto tra il Titolare e l\u2019Utente saranno trattenuti sino a quando sia completata l\u2019esecuzione di tale contratto.<\/li><li>I Dati Personali raccolti per finalit\u00e0 riconducibili all\u2019interesse legittimo del Titolare saranno trattenuti sino al soddisfacimento di tale interesse. L\u2019Utente pu\u00f2 ottenere ulteriori informazioni in merito all\u2019interesse legittimo perseguito dal Titolare nelle relative sezioni di questo documento o contattando il Titolare.<\/li><\/ul>\n\n\n\n<p>Quando il trattamento \u00e8 basato sul\nconsenso dell\u2019Utente, il Titolare pu\u00f2 conservare i Dati Personali pi\u00f9 a lungo\nsino a quando detto consenso non venga revocato. Inoltre, il Titolare potrebbe\nessere obbligato a conservare i Dati Personali per un periodo pi\u00f9 lungo in\nottemperanza ad un obbligo di legge o per ordine di un\u2019autorit\u00e0.<\/p>\n\n\n\n<p>Al termine del periodo di conservazione\ni Dati Personali saranno cancellati. Pertanto, allo spirare di tale termine il\ndiritto di accesso, cancellazione, rettificazione ed il diritto alla\nportabilit\u00e0 dei Dati non potranno pi\u00f9 essere esercitati.<\/p>\n\n\n\n<p><strong>Finalit\u00e0 del Trattamento dei Dati raccolti<\/strong><strong><\/strong><\/p>\n\n\n\n<p>I Dati dell\u2019Utente sono raccolti per\nconsentire al Titolare di fornire il Servizio, adempiere agli obblighi di\nlegge, rispondere a richieste o azioni esecutive, tutelare i propri diritti ed\ninteressi (o quelli di Utenti o di terze parti), individuare eventuali attivit\u00e0\ndolose o fraudolente, nonch\u00e9 per le seguenti finalit\u00e0: Gestione dei tag,\nStatistica, Contattare l\u2019Utente e Protezione dallo SPAM.<\/p>\n\n\n\n<p>Per ottenere informazioni dettagliate\nsulle finalit\u00e0 del trattamento e sui Dati Personali trattati per ciascuna\nfinalit\u00e0, l\u2019Utente pu\u00f2 fare riferimento alla sezione \u201cInformazioni dettagliate\nsul trattamento dei Dati Personali\u201d.<\/p>\n\n\n\n<p><strong>Dettagli sul trattamento dei Dati Personali<\/strong><strong><\/strong><\/p>\n\n\n\n<p>I Dati Personali sono raccolti per le\nseguenti finalit\u00e0 ed utilizzando i seguenti servizi:<\/p>\n\n\n\n<p><strong>\u2013 Contattare l\u2019Utente<\/strong><strong><\/strong><\/p>\n\n\n\n<p><strong>Modulo di contatto<\/strong><\/p>\n\n\n\n<p>L\u2019Utente, compilando con i propri Dati\nil modulo di contatto, acconsente al loro utilizzo per rispondere alle richieste\ndi informazioni, di preventivo, o di qualunque altra natura indicata\ndall\u2019intestazione del modulo.<\/p>\n\n\n\n<p>Dati Personali raccolti: email<\/p>\n\n\n\n<p><strong>\u2013 Protezione dallo SPAM<\/strong><strong><\/strong><\/p>\n\n\n\n<p>Questo tipo di servizi analizza il\ntraffico di questa Applicazione, potenzialmente contenente Dati Personali degli\nUtenti, al fine di filtrarlo da parti di traffico, messaggi e contenuti\nriconosciuti come SPAM.<\/p>\n\n\n\n<p><strong>Akismet (Automattic Inc.)<\/strong><\/p>\n\n\n\n<p>Akismet \u00e8 un servizio di protezione\ndallo SPAM fornito da Automattic Inc.<\/p>\n\n\n\n<p>Dati Personali raccolti: varie tipologie\ndi Dati secondo quanto specificato dalla privacy policy del servizio.<\/p>\n\n\n\n<p>Luogo del trattamento:\nStati Uniti \u2013&nbsp;<a href=\"https:\/\/automattic.com\/privacy\/\" target=\"_blank\" rel=\"noreferrer noopener\">Privacy Policy<\/a>.<\/p>\n\n\n\n<p><strong>\u2013 Visualizzazione di contenuti da piattaforme esterne<\/strong><strong><\/strong><\/p>\n\n\n\n<p>Questo tipo di servizi\npermette di visualizzare contenuti ospitati su piattaforme esterne direttamente\ndalle pagine di questa Applicazione e di interagire con essi.<br>\nQuesto tipo di servizio potrebbe comunque raccogliere dati sul traffico web\nrelativo alle pagine dove il servizio \u00e8 installato, anche quando gli utenti non\nlo utilizzano.<\/p>\n\n\n\n<p><strong>Font Awesome (Fonticons, Inc. )<\/strong><\/p>\n\n\n\n<p>Font Awesome \u00e8 un servizio di\nvisualizzazione di stili di carattere gestito da Fonticons, Inc. che permette a\nquesta Applicazione di integrare tali contenuti all\u2019interno delle proprie\npagine.<\/p>\n\n\n\n<p>Dati Personali raccolti: Dati di\nutilizzo.<\/p>\n\n\n\n<p>Luogo del trattamento:\nStati Uniti \u2013&nbsp;<a href=\"https:\/\/fontawesome.com\/privacy\" target=\"_blank\" rel=\"noreferrer noopener\">Privacy Policy<\/a>.<\/p>\n\n\n\n<p><strong>Google Fonts<\/strong><\/p>\n\n\n\n<p>Google Fonts \u00e8 un servizio di visualizzazione\ndi stili di carattere gestito da Google LLC oppure da Google Ireland Limited, a\nseconda della posizione in cui questa Applicazione viene utilizzata, che\npermette a questa Applicazione di integrare tali contenuti all\u2019interno delle\nproprie pagine.<\/p>\n\n\n\n<p>Dati Personali raccolti: Dati di\nutilizzo; varie tipologie di Dati secondo quanto specificato dalla privacy\npolicy del servizio.<\/p>\n\n\n\n<p>Luogo del trattamento:\nStati Uniti \u2013&nbsp;<a href=\"https:\/\/policies.google.com\/privacy\" target=\"_blank\" rel=\"noreferrer noopener\">Privacy Policy<\/a>; Irlanda \u2013&nbsp;<a href=\"https:\/\/policies.google.com\/privacy\" target=\"_blank\" rel=\"noreferrer noopener\">Privacy Policy<\/a>. Soggetto aderente al Privacy\nShield.<\/p>\n\n\n\n<p><strong>\u2013 Statistica<\/strong><strong><\/strong><\/p>\n\n\n\n<p>I servizi contenuti nella presente\nsezione permettono al Titolare del Trattamento di monitorare e analizzare i\ndati di traffico e servono a tener traccia del comportamento dell\u2019Utente.<\/p>\n\n\n\n<p><strong>Google Analytics con IP anonimizzato<\/strong><\/p>\n\n\n\n<p>Google Analytics \u00e8 un\nservizio di analisi web fornito da Google LLC oppure da Google Ireland Limited,\na seconda della posizione in cui questa Applicazione viene utilizzata,\n(\u201cGoogle\u201d). Google utilizza i Dati Personali raccolti allo scopo di tracciare\ned esaminare l\u2019utilizzo di questa Applicazione, compilare report e condividerli\ncon gli altri servizi sviluppati da Google.<br>\nGoogle potrebbe utilizzare i Dati Personali per contestualizzare e\npersonalizzare gli annunci del proprio network pubblicitario.<br>\nQuesta integrazione di Google Analytics rende anonimo il tuo indirizzo IP.\nL\u2019anonimizzazione funziona abbreviando entro i confini degli stati membri\ndell\u2019Unione Europea o in altri Paesi aderenti all\u2019accordo sullo Spazio\nEconomico Europeo l\u2019indirizzo IP degli Utenti. Solo in casi eccezionali,\nl\u2019indirizzo IP sar\u00e0 inviato ai server di Google ed abbreviato all\u2019interno degli\nStati Uniti.<\/p>\n\n\n\n<p>Dati Personali raccolti: Cookie; Dati di\nutilizzo.<\/p>\n\n\n\n<p>Luogo del trattamento:\nStati Uniti \u2013&nbsp;<a href=\"https:\/\/policies.google.com\/privacy\" target=\"_blank\" rel=\"noreferrer noopener\">Privacy Policy<\/a>&nbsp;\u2013&nbsp;<a href=\"https:\/\/tools.google.com\/dlpage\/gaoptout?hl=it\">Opt\nOut<\/a>; Irlanda \u2013&nbsp;<a href=\"https:\/\/policies.google.com\/privacy\" target=\"_blank\" rel=\"noreferrer noopener\">Privacy Policy<\/a>&nbsp;\u2013&nbsp;<a href=\"https:\/\/tools.google.com\/dlpage\/gaoptout?hl=en\">Opt\nOut<\/a>. Soggetto aderente al Privacy Shield.<\/p>\n\n\n\n<p><strong>Diritti dell\u2019Utente<\/strong><strong><\/strong><\/p>\n\n\n\n<p>Gli Utenti possono\nesercitare determinati diritti con riferimento ai Dati trattati dal Titolare.<\/p>\n\n\n\n<p>In particolare,\nl\u2019Utente ha il diritto di:<\/p>\n\n\n\n<ul class=\"wp-block-list\"><li><strong>revocare il consenso in ogni momento.&nbsp;<\/strong>L\u2019Utente pu\u00f2 revocare\nil consenso al trattamento dei propri Dati Personali precedentemente espresso.<ul><li><strong>opporsi al trattamento dei propri Dati.&nbsp;<\/strong>L\u2019Utente pu\u00f2 opporsi\nal trattamento dei propri Dati quando esso avviene su una base giuridica\ndiversa dal consenso. Ulteriori dettagli sul diritto di opposizione sono\nindicati nella sezione sottostante.<\/li><\/ul><ul><li><strong>accedere ai propri Dati.&nbsp;<\/strong>L\u2019Utente ha diritto ad\nottenere informazioni sui Dati trattati dal Titolare, su determinati aspetti\ndel trattamento ed a ricevere una copia dei Dati trattati.<\/li><\/ul><ul><li><strong>verificare e chiedere la rettificazione.&nbsp;<\/strong>L\u2019Utente pu\u00f2 verificare\nla correttezza dei propri Dati e richiederne l\u2019aggiornamento o la correzione.<\/li><\/ul><ul><li><strong>ottenere la limitazione del trattamento.&nbsp;<\/strong>Quando ricorrono\ndeterminate condizioni, l\u2019Utente pu\u00f2 richiedere la limitazione del trattamento\ndei propri Dati. In tal caso il Titolare non tratter\u00e0 i Dati per alcun altro\nscopo se non la loro conservazione.<\/li><\/ul><ul><li><strong>ottenere la cancellazione o rimozione dei propri Dati\nPersonali.&nbsp;<\/strong>Quando ricorrono determinate condizioni, l\u2019Utente pu\u00f2 richiedere la\ncancellazione dei propri Dati da parte del Titolare.<\/li><\/ul><ul><li><strong>ricevere i propri Dati o farli trasferire ad altro\ntitolare.&nbsp;<\/strong>L\u2019Utente ha diritto di ricevere i propri Dati in formato strutturato, di\nuso comune e leggibile da dispositivo automatico e, ove tecnicamente fattibile,\ndi ottenerne il trasferimento senza ostacoli ad un altro titolare. Questa\ndisposizione \u00e8 applicabile quando i Dati sono trattati con strumenti\nautomatizzati ed il trattamento \u00e8 basato sul consenso dell\u2019Utente, su un\ncontratto di cui l\u2019Utente \u00e8 parte o su misure contrattuali ad esso connesse.<\/li><\/ul><ul><li><strong>proporre reclamo.&nbsp;<\/strong>L\u2019Utente pu\u00f2 proporre\nun reclamo all\u2019autorit\u00e0 di controllo della protezione dei dati personali\ncompetente o agire in sede giudiziale.<br>\n<br>\n<\/li><\/ul><\/li><\/ul>\n\n\n\n<p><strong>Dettagli sul diritto di opposizione<\/strong><strong><\/strong><\/p>\n\n\n\n<p>Quando i Dati Personali sono trattati\nnell\u2019interesse pubblico, nell\u2019esercizio di pubblici poteri di cui \u00e8 investito\nil Titolare oppure per perseguire un interesse legittimo del Titolare, gli\nUtenti hanno diritto ad opporsi al trattamento per motivi connessi alla loro\nsituazione particolare.<\/p>\n\n\n\n<p>Si fa presente agli Utenti che, ove i\nloro Dati fossero trattati con finalit\u00e0 di marketing diretto, possono opporsi\nal trattamento senza fornire alcuna motivazione. Per scoprire se il Titolare\ntratti dati con finalit\u00e0 di marketing diretto gli Utenti possono fare\nriferimento alle rispettive sezioni di questo documento.<\/p>\n\n\n\n<p><strong>Come esercitare i diritti<\/strong><strong><\/strong><\/p>\n\n\n\n<p>Per esercitare i diritti dell\u2019Utente,\ngli Utenti possono indirizzare una richiesta agli estremi di contatto del\nTitolare indicati in questo documento. Le richieste sono depositate a titolo\ngratuito e evase dal Titolare nel pi\u00f9 breve tempo possibile, in ogni caso entro\nun mese.<\/p>\n\n\n\n<p><strong>Ulteriori informazioni sul trattamento<\/strong><strong><\/strong><\/p>\n\n\n\n<p><strong>Difesa in giudizio<\/strong><strong><\/strong><\/p>\n\n\n\n<p>I Dati Personali\ndell\u2019Utente possono essere utilizzati da parte del Titolare in giudizio o nelle\nfasi preparatorie alla sua eventuale instaurazione per la difesa da abusi\nnell\u2019utilizzo di questa Applicazione o dei Servizi connessi da parte\ndell\u2019Utente.<br>\nL\u2019Utente dichiara di essere consapevole che il Titolare potrebbe essere\nobbligato a rivelare i Dati per ordine delle autorit\u00e0 pubbliche.<\/p>\n\n\n\n<p><strong>Informative specifiche<\/strong><strong><\/strong><\/p>\n\n\n\n<p>Su richiesta dell\u2019Utente, in aggiunta\nalle informazioni contenute in questa privacy policy, questa Applicazione\npotrebbe fornire all\u2019Utente delle informative aggiuntive e contestuali\nriguardanti Servizi specifici, o la raccolta ed il trattamento di Dati\nPersonali.<\/p>\n\n\n\n<p><strong>Log di sistema e manutenzione<\/strong><strong><\/strong><\/p>\n\n\n\n<p>Per necessit\u00e0 legate al funzionamento ed\nalla manutenzione, questa Applicazione e gli eventuali servizi terzi da essa\nutilizzati potrebbero raccogliere log di sistema, ossia file che registrano le\ninterazioni e che possono contenere anche Dati Personali, quali l\u2019indirizzo IP\nUtente.<\/p>\n\n\n\n<p><strong>Informazioni non contenute in questa policy<\/strong><strong><\/strong><\/p>\n\n\n\n<p>Ulteriori informazioni in relazione al\ntrattamento dei Dati Personali potranno essere richieste in qualsiasi momento\nal Titolare del Trattamento utilizzando gli estremi di contatto.<\/p>\n\n\n\n<p><strong>Risposta alle richieste \u201cDo Not Track\u201d<\/strong><strong><\/strong><\/p>\n\n\n\n<p>Questa Applicazione\nnon supporta le richieste \u201cDo Not Track\u201d.<br>\nPer scoprire se gli eventuali servizi di terze parti utilizzati le supportino,\nl\u2019Utente \u00e8 invitato a consultare le rispettive privacy policy.<\/p>\n\n\n\n<p><strong>Modifiche a questa privacy policy<\/strong><strong><\/strong><\/p>\n\n\n\n<p>Il Titolare del Trattamento si riserva\nil diritto di apportare modifiche alla presente privacy policy in qualunque\nmomento notificandolo agli Utenti su questa pagina e, se possibile, su questa\nApplicazione nonch\u00e9, qualora tecnicamente e legalmente fattibile, inviando una\nnotifica agli Utenti attraverso uno degli estremi di contatto di cui \u00e8 in\npossesso. Si prega dunque di consultare con frequenza questa pagina, facendo\nriferimento alla data di ultima modifica indicata in fondo.<\/p>\n\n\n\n<p>Qualora le modifiche interessino\ntrattamenti la cui base giuridica \u00e8 il consenso, il Titolare provveder\u00e0 a\nraccogliere nuovamente il consenso dell\u2019Utente, se necessario.<\/p>\n\n\n\n<p><strong>Definizioni e riferimenti legali<\/strong><strong><\/strong><\/p>\n\n\n\n<p><strong>Dati Personali (o Dati)<\/strong><\/p>\n\n\n\n<p>Costituisce dato personale qualunque\ninformazione che, direttamente o indirettamente, anche in collegamento con\nqualsiasi altra informazione, ivi compreso un numero di identificazione\npersonale, renda identificata o identificabile una persona fisica.<\/p>\n\n\n\n<p><strong>Dati di Utilizzo<\/strong><\/p>\n\n\n\n<p>Sono le informazioni raccolte\nautomaticamente attraverso questa Applicazione (anche da applicazioni di parti\nterze integrate in questa Applicazione), tra cui: gli indirizzi IP o i nomi a\ndominio dei computer utilizzati dall\u2019Utente che si connette con questa\nApplicazione, gli indirizzi in notazione URI (Uniform Resource Identifier),\nl\u2019orario della richiesta, il metodo utilizzato nell\u2019inoltrare la richiesta al\nserver, la dimensione del file ottenuto in risposta, il codice numerico\nindicante lo stato della risposta dal server (buon fine, errore, ecc.) il paese\ndi provenienza, le caratteristiche del browser e del sistema operativo\nutilizzati dal visitatore, le varie connotazioni temporali della visita (ad\nesempio il tempo di permanenza su ciascuna pagina) e i dettagli relativi\nall\u2019itinerario seguito all\u2019interno dell\u2019Applicazione, con particolare\nriferimento alla sequenza delle pagine consultate, ai parametri relativi al\nsistema operativo e all\u2019ambiente informatico dell\u2019Utente.<\/p>\n\n\n\n<p><strong>Utente<\/strong><\/p>\n\n\n\n<p>L\u2019individuo che utilizza questa\nApplicazione che, salvo ove diversamente specificato, coincide con\nl\u2019Interessato.<\/p>\n\n\n\n<p><strong>Interessato<\/strong><\/p>\n\n\n\n<p>La persona fisica cui si riferiscono i\nDati Personali.<\/p>\n\n\n\n<p><strong>Responsabile del Trattamento (o Responsabile)<\/strong><\/p>\n\n\n\n<p>La persona fisica, giuridica, la\npubblica amministrazione e qualsiasi altro ente che tratta dati personali per\nconto del Titolare, secondo quanto esposto nella presente privacy policy.<\/p>\n\n\n\n<p><strong>Titolare del Trattamento (o Titolare)<\/strong><\/p>\n\n\n\n<p>La persona fisica o giuridica,\nl\u2019autorit\u00e0 pubblica, il servizio o altro organismo che, singolarmente o insieme\nad altri, determina le finalit\u00e0 e i mezzi del trattamento di dati personali e\ngli strumenti adottati, ivi comprese le misure di sicurezza relative al\nfunzionamento ed alla fruizione di questa Applicazione. Il Titolare del\nTrattamento, salvo quanto diversamente specificato, \u00e8 il titolare di questa\nApplicazione.<\/p>\n\n\n\n<p><strong>Questa Applicazione<\/strong><\/p>\n\n\n\n<p>Lo strumento hardware o software\nmediante il quale sono raccolti e trattati i Dati Personali degli Utenti.<\/p>\n\n\n\n<p><strong>Servizio<\/strong><\/p>\n\n\n\n<p>Il Servizio fornito da questa\nApplicazione cos\u00ec come definito nei relativi termini (se presenti) su questo\nsito\/applicazione.<\/p>\n\n\n\n<p><strong>Unione Europea (o UE)<\/strong><\/p>\n\n\n\n<p>Salvo ove diversamente specificato, ogni\nriferimento all\u2019Unione Europea contenuto in questo documento si intende esteso\na tutti gli attuali stati membri dell\u2019Unione Europea e dello Spazio Economico\nEuropeo.<\/p>\n\n\n\n<p><strong>Cookie<\/strong><\/p>\n\n\n\n<p>Piccola porzione di dati conservata\nall\u2019interno del dispositivo dell\u2019Utente.<\/p>\n\n\n\n<p><strong>Riferimenti legali<\/strong><strong><\/strong><\/p>\n\n\n\n<p>La presente informativa privacy \u00e8\nredatta sulla base di molteplici ordinamenti legislativi, inclusi gli artt. 13\ne 14 del Regolamento (UE) 2016\/679.<\/p>\n\n\n\n<p>Ove non diversamente\nspecificato, questa informativa privacy riguarda esclusivamente questa\nApplicazione.<\/p>\n\t\t\t\t\t\t\t\t<\/div>\n\t\t\t\t<\/div>\n\t\t\t\t\t<\/div>\n\t\t<\/div>\n\t\t\t\t\t<\/div>\n\t\t<\/section>\n\t\t\t\t<\/div>","protected":false},"excerpt":{"rendered":"<p>Titolare del Trattamento dei Dati Andrea Iannelli Cagliari Indirizzo email del Titolare:&nbsp;andrea@iannelli.eu Tipologie di Dati raccolti Fra i Dati Personali raccolti da questa Applicazione, in modo autonomo o tramite terze parti, ci sono: Dati di utilizzo; Cookie; email. Dettagli completi su ciascuna tipologia di dati raccolti sono forniti nelle sezioni dedicate di questa privacy policy [&hellip;]<\/p>\n","protected":false},"author":1,"featured_media":0,"parent":0,"menu_order":0,"comment_status":"closed","ping_status":"closed","template":"elementor_header_footer","meta":{"footnotes":""},"class_list":["post-3847","page","type-page","status-publish","hentry"],"_links":{"self":[{"href":"https:\/\/www.andreaiannelli.com\/en\/wp-json\/wp\/v2\/pages\/3847","targetHints":{"allow":["GET"]}}],"collection":[{"href":"https:\/\/www.andreaiannelli.com\/en\/wp-json\/wp\/v2\/pages"}],"about":[{"href":"https:\/\/www.andreaiannelli.com\/en\/wp-json\/wp\/v2\/types\/page"}],"author":[{"embeddable":true,"href":"https:\/\/www.andreaiannelli.com\/en\/wp-json\/wp\/v2\/users\/1"}],"replies":[{"embeddable":true,"href":"https:\/\/www.andreaiannelli.com\/en\/wp-json\/wp\/v2\/comments?post=3847"}],"version-history":[{"count":27,"href":"https:\/\/www.andreaiannelli.com\/en\/wp-json\/wp\/v2\/pages\/3847\/revisions"}],"predecessor-version":[{"id":6457,"href":"https:\/\/www.andreaiannelli.com\/en\/wp-json\/wp\/v2\/pages\/3847\/revisions\/6457"}],"wp:attachment":[{"href":"https:\/\/www.andreaiannelli.com\/en\/wp-json\/wp\/v2\/media?parent=3847"}],"curies":[{"name":"wp","href":"https:\/\/api.w.org\/{rel}","templated":true}]}}